{"id":13,"date":"2020-10-28T15:53:42","date_gmt":"2020-10-28T13:53:42","guid":{"rendered":"https:\/\/handwerkerwebseite.ch\/modern\/?page_id=13"},"modified":"2021-05-31T15:25:22","modified_gmt":"2021-05-31T13:25:22","slug":"home","status":"publish","type":"page","link":"https:\/\/handwerkerwebseite.ch\/modern\/","title":{"rendered":"el tejado"},"content":{"rendered":"\n<h1>\n\t\tel tejado &#8211; der sombrero f\u00fcr ihr Haus!\n\t<\/h1>\n<h2>\n\t\tAngebot\n\t<\/h2>\n\t\t\t\t<img loading=\"lazy\" decoding=\"async\" src=\"https:\/\/handwerkerwebseite.ch\/modern\/wp-content\/uploads\/handwerkerwebseite_demo_angebot_dachdecken-1280.jpg\" alt=\"Zum Dachdecken vorbereitet\" itemprop=\"image\" height=\"780\" width=\"1280\" title=\"handwerkerwebseite_demo_angebot_dachdecken-1280\" onerror=\"this.style.display='none'\"  \/>\n<h3>\n\t\tDachdecken\n\t<\/h3>\n\t<p>Wir sind DIE Dachdecker der Region. Egal, ob Steild\u00e4cher, Mansardend\u00e4cher oder Satteld\u00e4cher, komplizierte Konstruktionen einfache Arbeiten, Neubau oder Renovation &#8211; wir sind f\u00fcr Sie da. Unsere Profis arbeiten mit allen g\u00e4ngigen Materialien von Ziegel bis Blech. Dabei achten wir auf h\u00f6chste Qualit\u00e4t und faire Preise. Rufen Sie uns an, um sich unverbindlich beraten zu lassen.<\/p>\n\t\t\t\t<img loading=\"lazy\" decoding=\"async\" src=\"https:\/\/handwerkerwebseite.ch\/modern\/wp-content\/uploads\/handwerkerwebseite_demo_angebot_dachfenster-1280.jpg\" alt=\"Dachfenster im Schieferdach\" itemprop=\"image\" height=\"780\" width=\"1280\" title=\"handwerkerwebseite_demo_angebot_dachfenster-1280\" onerror=\"this.style.display='none'\"  \/>\n<h3>\n\t\tDachfenstener\n\t<\/h3>\n\t<p>Dachfenster erh\u00f6hen Ihre Lebensqualit\u00e4t, in dem Sie nat\u00fcrliches Tageslicht in Ihr Dachgeschoss bringen. Die Auswahl an m\u00f6glichen Dachfenstern ist riesig und sollte nur von professionellen Anbietern \u00fcbernommen werden. Unabh\u00e4ngig davon, ob sie gerne ein Schwing- oder Schiebedachfenster m\u00f6chten, welche Materialien sie bevorzugen und ob Sie einen pr\u00e4ferierten Hersteller haben: Wir beraten Sie gerne.<\/p>\n\t\t\t\t<img loading=\"lazy\" decoding=\"async\" src=\"https:\/\/handwerkerwebseite.ch\/modern\/wp-content\/uploads\/handwerkerwebseite_demo_angebot_solaranlage-1280.jpg\" alt=\"Solaranlage montiert\" itemprop=\"image\" height=\"780\" width=\"1280\" title=\"handwerkerwebseite_demo_angebot_solaranlage-1280\" onerror=\"this.style.display='none'\"  \/>\n<h3>\n\t\tPV- &#038; Solaranlagen\n\t<\/h3>\n\t<p>Wir bringen Solarenergie auf Ihr Dach! Photovoltaik- und Solaranlagen sind komplexe Konstruktionen, die nur durch fachm\u00e4nnische Betriebe installiert werden sollten. Doch nicht nur bei der Installation sind wir Ihr Ansprechpartner. Auch bei der Auswahl der passenden Anlagen unterst\u00fctzen wir Sie gerne. Da jedes Dach anders ist, sollten auch Sie sich bereits zu Beginn des Projekts eine professionelle Meinung einholen.<\/p>\n<h2>\n\t\t\u00fcBER UNS\n\t<\/h2>\n\t<p>El Tejado &#8211; Spanisch f\u00fcr das Dach, zeigt wo wir herkommen und was wir tun. Spanische Dachdecker sind in der Schweiz wie Diamanten, schwer zu finden und unglaublich Wertvoll. Spanier sind nicht nur Tempramentvoll, sondern auch Tatkr\u00e4ftig auf der Baustelle.<\/p>\n<p>Wollen Sie Ihr Dach noch vor der Mittagssonne gedeckt haben? Geben Sie uns den Auftrag!<\/p>\n\t\t\t\t<img loading=\"lazy\" decoding=\"async\" src=\"https:\/\/handwerkerwebseite.ch\/modern\/wp-content\/uploads\/handwerkerwebseite_demo_ueberuns-1920.jpg\" alt=\"handwerkerwebseite_demo_ueberuns\" itemprop=\"image\" height=\"1920\" width=\"1393\" title=\"handwerkerwebseite_demo_ueberuns-1920\" onerror=\"this.style.display='none'\"  \/>\n<h2>\n\t\tREFERENZEN\n\t<\/h2>\n<h2>\n\t\tKontakt\n\t<\/h2>\n\tEl Tejado GmbH<br \/>\nBirren 10A<br \/>\n5703 Seon\n<a href=\"mailto:hallo@handwerkerwebseite.ch\">hallo@eltejado.ch<\/a><br \/>\n<a href=\"tel:0041565565511\">0041 56 556 55 11<\/a>\n\t<iframe src=\"https:\/\/www.google.com\/maps\/embed\/v1\/place?q=Birren+10A%2C+5703+Seon&#038;key=AIzaSyD09zQ9PNDNNy9TadMuzRV_UsPUoWKntt8\" aria-hidden=\"true\"><\/iframe>\n\n","protected":false},"excerpt":{"rendered":"<p>el tejado &#8211; der sombrero f\u00fcr ihr Haus! Angebot Dachdecken Wir sind DIE Dachdecker der Region. Egal, ob Steild\u00e4cher, Mansardend\u00e4cher oder Satteld\u00e4cher, komplizierte Konstruktionen einfache Arbeiten, Neubau oder Renovation &#8211; wir sind f\u00fcr Sie da. Unsere Profis arbeiten mit allen g\u00e4ngigen Materialien von Ziegel bis Blech. Dabei achten wir auf h\u00f6chste Qualit\u00e4t und faire Preise.&hellip;<\/p>\n","protected":false},"author":2,"featured_media":0,"parent":0,"menu_order":0,"comment_status":"closed","ping_status":"closed","template":"","meta":{"footnotes":""},"class_list":["post-13","page","type-page","status-publish","hentry"],"_links":{"self":[{"href":"https:\/\/handwerkerwebseite.ch\/modern\/wp-json\/wp\/v2\/pages\/13","targetHints":{"allow":["GET"]}}],"collection":[{"href":"https:\/\/handwerkerwebseite.ch\/modern\/wp-json\/wp\/v2\/pages"}],"about":[{"href":"https:\/\/handwerkerwebseite.ch\/modern\/wp-json\/wp\/v2\/types\/page"}],"author":[{"embeddable":true,"href":"https:\/\/handwerkerwebseite.ch\/modern\/wp-json\/wp\/v2\/users\/2"}],"replies":[{"embeddable":true,"href":"https:\/\/handwerkerwebseite.ch\/modern\/wp-json\/wp\/v2\/comments?post=13"}],"version-history":[{"count":28,"href":"https:\/\/handwerkerwebseite.ch\/modern\/wp-json\/wp\/v2\/pages\/13\/revisions"}],"predecessor-version":[{"id":174,"href":"https:\/\/handwerkerwebseite.ch\/modern\/wp-json\/wp\/v2\/pages\/13\/revisions\/174"}],"wp:attachment":[{"href":"https:\/\/handwerkerwebseite.ch\/modern\/wp-json\/wp\/v2\/media?parent=13"}],"curies":[{"name":"wp","href":"https:\/\/api.w.org\/{rel}","templated":true}]}}