{"id":26,"date":"2020-10-28T15:55:19","date_gmt":"2020-10-28T13:55:19","guid":{"rendered":"https:\/\/handwerkerwebseite.ch\/klassisch\/?page_id=26"},"modified":"2020-11-26T13:49:56","modified_gmt":"2020-11-26T11:49:56","slug":"impressum","status":"publish","type":"page","link":"https:\/\/handwerkerwebseite.ch\/klassisch\/impressum\/","title":{"rendered":"Impressum"},"content":{"rendered":"\n<h2>\n\t\tImpressum\n\t<\/h2>\n\t\nEl Trajedo GmbH<br \/>\nBirren 10A<br \/>\n5703 Seon<br \/>\nSchweiz\nE-Mail:<br \/>\n<a href=\"mailto:hallo@handwerkerwebseite.ch\">hallo@eltrajedo.ch<\/a>\n<p>&nbsp;<\/p>\n\n<p>Miguel Trajedo, Gesellschafter und Gesch\u00e4ftsf\u00fchrer<\/p>\n<p>&nbsp;<\/p>\n\nEingetragener Firmenname: El Trajedo GmbH<br \/>\nHandelsregister Nr: CHE-xxx.xxx.xxx\n<p>&nbsp;<\/p>\n<strong>Mehrwertsteuer-Nummer<\/strong><br \/>\nCHE-xxx.xxx.xxx MWST\n<p>&nbsp;<\/p>\n\n<p>Der Betreiber \u00fcbernimmt keinerlei Gew\u00e4hr hinsichtlich der inhaltlichen Richtigkeit, Genauigkeit, Aktualit\u00e4t, Zuverl\u00e4ssigkeit und Vollst\u00e4ndigkeit der Informationen.<\/p>\n<p>Alle Angebote sind unverbindlich. Der Autor beh\u00e4lt es sich ausdr\u00fccklich vor, Teile der Seiten oder das gesamte Angebot ohne besondere Ank\u00fcndigung zu ver\u00e4ndern, zu erg\u00e4nzen, zu l\u00f6schen oder die Ver\u00f6ffentlichung zeitweise oder endg\u00fcltig einzustellen.<\/p>\n<p>Verweise und Links auf Webseiten Dritter liegen ausserhalb unseres Verantwortungsbereichs. Es wird jegliche Verantwortung f\u00fcr solche Webseiten abgelehnt. Der Zugriff und die Nutzung solcher Webseiten erfolgen auf eigene Gefahr des jeweiligen Nutzers.<\/p>\n<p>&nbsp;<\/p>\n\n\n\t\t\t\t<img loading=\"lazy\" decoding=\"async\" src=\"https:\/\/handwerkerwebseite.ch\/klassisch\/wp-content\/uploads\/handwerkerwebsite_modern_beispielbild.jpg\" alt=\"Haus A\" itemprop=\"image\" height=\"1234\" width=\"1920\" title=\"handwerkerwebsite_modern_beispielbild\" onerror=\"this.style.display='none'\"  \/>\n\n","protected":false},"excerpt":{"rendered":"<p>Impressum El Trajedo GmbH Birren 10A 5703 Seon Schweiz E-Mail: hallo@eltrajedo.ch &nbsp; Miguel Trajedo, Gesellschafter und Gesch\u00e4ftsf\u00fchrer &nbsp; Eingetragener Firmenname: El Trajedo GmbH Handelsregister Nr: CHE-xxx.xxx.xxx &nbsp; Mehrwertsteuer-Nummer CHE-xxx.xxx.xxx MWST &nbsp; Der Betreiber \u00fcbernimmt keinerlei Gew\u00e4hr hinsichtlich der inhaltlichen Richtigkeit, Genauigkeit, Aktualit\u00e4t, Zuverl\u00e4ssigkeit und Vollst\u00e4ndigkeit der Informationen. Alle Angebote sind unverbindlich. Der Autor beh\u00e4lt es&hellip;<\/p>\n","protected":false},"author":3,"featured_media":0,"parent":0,"menu_order":0,"comment_status":"closed","ping_status":"closed","template":"","meta":{"footnotes":""},"class_list":["post-26","page","type-page","status-publish","hentry"],"_links":{"self":[{"href":"https:\/\/handwerkerwebseite.ch\/klassisch\/wp-json\/wp\/v2\/pages\/26","targetHints":{"allow":["GET"]}}],"collection":[{"href":"https:\/\/handwerkerwebseite.ch\/klassisch\/wp-json\/wp\/v2\/pages"}],"about":[{"href":"https:\/\/handwerkerwebseite.ch\/klassisch\/wp-json\/wp\/v2\/types\/page"}],"author":[{"embeddable":true,"href":"https:\/\/handwerkerwebseite.ch\/klassisch\/wp-json\/wp\/v2\/users\/3"}],"replies":[{"embeddable":true,"href":"https:\/\/handwerkerwebseite.ch\/klassisch\/wp-json\/wp\/v2\/comments?post=26"}],"version-history":[{"count":3,"href":"https:\/\/handwerkerwebseite.ch\/klassisch\/wp-json\/wp\/v2\/pages\/26\/revisions"}],"predecessor-version":[{"id":168,"href":"https:\/\/handwerkerwebseite.ch\/klassisch\/wp-json\/wp\/v2\/pages\/26\/revisions\/168"}],"wp:attachment":[{"href":"https:\/\/handwerkerwebseite.ch\/klassisch\/wp-json\/wp\/v2\/media?parent=26"}],"curies":[{"name":"wp","href":"https:\/\/api.w.org\/{rel}","templated":true}]}}