{"id":15,"date":"2020-10-28T15:53:49","date_gmt":"2020-10-28T13:53:49","guid":{"rendered":"https:\/\/handwerkerwebseite.ch\/klassisch\/?page_id=15"},"modified":"2021-05-28T14:32:23","modified_gmt":"2021-05-28T12:32:23","slug":"angebot","status":"publish","type":"page","link":"https:\/\/handwerkerwebseite.ch\/klassisch\/","title":{"rendered":"Angebot"},"content":{"rendered":"\n<h1>\n\t\tAngebot\n\t<\/h1>\n\t\t\t\t<img loading=\"lazy\" decoding=\"async\" src=\"https:\/\/handwerkerwebseite.ch\/klassisch\/wp-content\/uploads\/handwerkerwebseite_demo_angebot_dachdecken-1280.jpg\" alt=\"Zum Dachdecken vorbereitet\" itemprop=\"image\" height=\"780\" width=\"1280\" title=\"handwerkerwebseite_demo_angebot_dachdecken-1280\" onerror=\"this.style.display='none'\"  \/>\n<h3>\n\t\tDachdecken\n\t<\/h3>\n\t<p>Wir sind DIE Dachdecker der Region. Egal, ob Steild\u00e4cher, Mansardend\u00e4cher oder Satteld\u00e4cher, komplizierte Konstruktionen einfache Arbeiten, Neubau oder Renovation &#8211; wir sind f\u00fcr Sie da. Unsere Profis arbeiten mit allen g\u00e4ngigen Materialien von Ziegel bis Blech. Dabei achten wir auf h\u00f6chste Qualit\u00e4t und faire Preise. Rufen Sie uns an, um sich unverbindlich beraten zu lassen.<\/p>\n\t\t\t\t<img loading=\"lazy\" decoding=\"async\" src=\"https:\/\/handwerkerwebseite.ch\/klassisch\/wp-content\/uploads\/handwerkerwebseite_demo_angebot_dachfenster-1280.jpg\" alt=\"Dachfenster im Schieferdach\" itemprop=\"image\" height=\"780\" width=\"1280\" title=\"handwerkerwebseite_demo_angebot_dachfenster-1280\" onerror=\"this.style.display='none'\"  \/>\n<h3>\n\t\tDachfenstener\n\t<\/h3>\n\t<p>Dachfenster erh\u00f6hen Ihre Lebensqualit\u00e4t, in dem Sie nat\u00fcrliches Tageslicht in Ihr Dachgeschoss bringen. Die Auswahl an m\u00f6glichen Dachfenstern ist riesig und sollte nur von professionellen Anbietern \u00fcbernommen werden. Unabh\u00e4ngig davon, ob sie gerne ein Schwing- oder Schiebedachfenster m\u00f6chten, welche Materialien sie bevorzugen und ob Sie einen pr\u00e4ferierten Hersteller haben: Wir beraten Sie gerne.<\/p>\n\t\t\t\t<img loading=\"lazy\" decoding=\"async\" src=\"https:\/\/handwerkerwebseite.ch\/klassisch\/wp-content\/uploads\/handwerkerwebseite_demo_angebot_solaranlage-1280.jpg\" alt=\"Solaranlage montiert\" itemprop=\"image\" height=\"780\" width=\"1280\" title=\"handwerkerwebseite_demo_angebot_solaranlage-1280\" onerror=\"this.style.display='none'\"  \/>\n<h3>\n\t\tPV- &#038; Solaranlagen\n\t<\/h3>\n\t<p>Wir bringen Solarenergie auf Ihr Dach! Photovoltaik- und Solaranlagen sind komplexe Konstruktionen, die nur durch fachm\u00e4nnische Betriebe installiert werden sollten. Doch nicht nur bei der Installation sind wir Ihr Ansprechpartner. Auch bei der Auswahl der passenden Anlagen unterst\u00fctzen wir Sie gerne. Da jedes Dach anders ist, sollten auch Sie sich bereits zu Beginn des Projekts eine professionelle Meinung einholen.<\/p>\n\n","protected":false},"excerpt":{"rendered":"<p>Angebot Dachdecken Wir sind DIE Dachdecker der Region. Egal, ob Steild\u00e4cher, Mansardend\u00e4cher oder Satteld\u00e4cher, komplizierte Konstruktionen einfache Arbeiten, Neubau oder Renovation &#8211; wir sind f\u00fcr Sie da. Unsere Profis arbeiten mit allen g\u00e4ngigen Materialien von Ziegel bis Blech. Dabei achten wir auf h\u00f6chste Qualit\u00e4t und faire Preise. Rufen Sie uns an, um sich unverbindlich beraten&hellip;<\/p>\n","protected":false},"author":3,"featured_media":0,"parent":0,"menu_order":0,"comment_status":"closed","ping_status":"closed","template":"","meta":{"footnotes":""},"class_list":["post-15","page","type-page","status-publish","hentry"],"_links":{"self":[{"href":"https:\/\/handwerkerwebseite.ch\/klassisch\/wp-json\/wp\/v2\/pages\/15","targetHints":{"allow":["GET"]}}],"collection":[{"href":"https:\/\/handwerkerwebseite.ch\/klassisch\/wp-json\/wp\/v2\/pages"}],"about":[{"href":"https:\/\/handwerkerwebseite.ch\/klassisch\/wp-json\/wp\/v2\/types\/page"}],"author":[{"embeddable":true,"href":"https:\/\/handwerkerwebseite.ch\/klassisch\/wp-json\/wp\/v2\/users\/3"}],"replies":[{"embeddable":true,"href":"https:\/\/handwerkerwebseite.ch\/klassisch\/wp-json\/wp\/v2\/comments?post=15"}],"version-history":[{"count":8,"href":"https:\/\/handwerkerwebseite.ch\/klassisch\/wp-json\/wp\/v2\/pages\/15\/revisions"}],"predecessor-version":[{"id":180,"href":"https:\/\/handwerkerwebseite.ch\/klassisch\/wp-json\/wp\/v2\/pages\/15\/revisions\/180"}],"wp:attachment":[{"href":"https:\/\/handwerkerwebseite.ch\/klassisch\/wp-json\/wp\/v2\/media?parent=15"}],"curies":[{"name":"wp","href":"https:\/\/api.w.org\/{rel}","templated":true}]}}